{"id":741,"date":"2020-09-18T00:39:28","date_gmt":"2020-09-17T22:39:28","guid":{"rendered":"https:\/\/folkadu.com\/?page_id=741"},"modified":"2025-07-09T11:04:09","modified_gmt":"2025-07-09T09:04:09","slug":"about","status":"publish","type":"page","link":"https:\/\/folkadu.com\/en\/about\/","title":{"rendered":"About us"},"content":{"rendered":"<div data-elementor-type=\"wp-page\" data-elementor-id=\"741\" class=\"elementor elementor-741\">\n\t\t\t\t\t\t<section class=\"elementor-section elementor-top-section elementor-element elementor-element-75f771a elementor-section-boxed elementor-section-height-default elementor-section-height-default\" data-id=\"75f771a\" data-element_type=\"section\">\n\t\t\t\t\t\t<div class=\"elementor-container elementor-column-gap-default\">\n\t\t\t\t\t<div class=\"elementor-column elementor-col-100 elementor-top-column elementor-element elementor-element-24fa9bd\" data-id=\"24fa9bd\" data-element_type=\"column\">\n\t\t\t<div class=\"elementor-widget-wrap elementor-element-populated\">\n\t\t\t\t\t\t<div class=\"elementor-element elementor-element-413fe42 elementor--h-position-center elementor--v-position-middle elementor-widget elementor-widget-slides\" data-id=\"413fe42\" data-element_type=\"widget\" data-settings=\"{&quot;navigation&quot;:&quot;none&quot;,&quot;autoplay&quot;:&quot;yes&quot;,&quot;pause_on_hover&quot;:&quot;yes&quot;,&quot;pause_on_interaction&quot;:&quot;yes&quot;,&quot;autoplay_speed&quot;:5000,&quot;infinite&quot;:&quot;yes&quot;,&quot;transition&quot;:&quot;slide&quot;,&quot;transition_speed&quot;:500}\" data-widget_type=\"slides.default\">\n\t\t\t\t<div class=\"elementor-widget-container\">\n\t\t\t\t\t\t\t<div class=\"elementor-swiper\">\n\t\t\t<div class=\"elementor-slides-wrapper elementor-main-swiper swiper\" dir=\"ltr\" data-animation=\"fadeInUp\">\n\t\t\t\t<div class=\"swiper-wrapper elementor-slides\">\n\t\t\t\t\t\t\t\t\t\t<div class=\"elementor-repeater-item-e4b2c97 swiper-slide\"><div class=\"swiper-slide-bg elementor-ken-burns elementor-ken-burns--in\"><\/div><div class=\"swiper-slide-inner\" ><div class=\"swiper-slide-contents\"><div class=\"elementor-slide-heading\">ABOUT US<\/div><\/div><\/div><\/div>\t\t\t\t<\/div>\n\t\t\t\t\t\t\t<\/div>\n\t\t<\/div>\n\t\t\t\t\t\t<\/div>\n\t\t\t\t<\/div>\n\t\t\t\t\t<\/div>\n\t\t<\/div>\n\t\t\t\t\t<\/div>\n\t\t<\/section>\n\t\t\t\t<section class=\"elementor-section elementor-top-section elementor-element elementor-element-ab71387 elementor-section-boxed elementor-section-height-default elementor-section-height-default\" data-id=\"ab71387\" data-element_type=\"section\">\n\t\t\t\t\t\t<div class=\"elementor-container elementor-column-gap-default\">\n\t\t\t\t\t<div class=\"elementor-column elementor-col-100 elementor-top-column elementor-element elementor-element-0e40736\" data-id=\"0e40736\" data-element_type=\"column\">\n\t\t\t<div class=\"elementor-widget-wrap elementor-element-populated\">\n\t\t\t\t\t\t<div class=\"elementor-element elementor-element-4c72c37 elementor-widget elementor-widget-text-editor\" data-id=\"4c72c37\" data-element_type=\"widget\" data-widget_type=\"text-editor.default\">\n\t\t\t\t<div class=\"elementor-widget-container\">\n\t\t\t\t\t\t\t\t\t<h4><strong>Folkadu ist eine in Berlin lebende Band, die von der S\u00e4ngerin und Trompeterin Yael Gat gegr\u00fcndet wurde. Beeinflusst von klassischer, Swing-, Balkan-, Klezmer- und nah\u00f6stlicher Musik, bietet die Band mit ihrer einzigartigen Instrumentalkombination aus Trompete, Oud und Akkordeon eine Verschmelzung von bekanntem und weniger bekanntem Repertoire des Jewish Folk aus aller Welt.<\/strong><\/h4><h4><strong>Folkadu takes the listeners on a musical journey through stories about love, nostalgia, immigration, integration and optimism in Hebrew, Yiddish and Ladino, while playfully connecting those old tales to modern life. In addition to her singing and trumpet playing, Yael Gat presents a special playing technique on the shofar, an ancient musical instrument made of antelope horn which is usually played during the Jewish High Holidays in the synagogue.<\/strong><\/h4><h4><strong>Folkadu appeals to people from all over the world, regardless of their age or cultural background. Jewish folk music is global music because its songs deal with everyday situations that everyone can identify with. Therefore the band wishes to build a bridge between cultures with their music and thus bring people closer together, while advocating for a pluralistic society.<\/strong><\/h4>\t\t\t\t\t\t\t\t<\/div>\n\t\t\t\t<\/div>\n\t\t\t\t\t<\/div>\n\t\t<\/div>\n\t\t\t\t\t<\/div>\n\t\t<\/section>\n\t\t\t\t<section class=\"elementor-section elementor-top-section elementor-element elementor-element-b9ec661 elementor-section-boxed elementor-section-height-default elementor-section-height-default\" data-id=\"b9ec661\" data-element_type=\"section\">\n\t\t\t\t\t\t<div class=\"elementor-container elementor-column-gap-default\">\n\t\t\t\t\t<div class=\"elementor-column elementor-col-100 elementor-top-column elementor-element elementor-element-f935606\" data-id=\"f935606\" data-element_type=\"column\">\n\t\t\t<div class=\"elementor-widget-wrap\">\n\t\t\t\t\t\t\t<\/div>\n\t\t<\/div>\n\t\t\t\t\t<\/div>\n\t\t<\/section>\n\t\t\t\t<section class=\"elementor-section elementor-top-section elementor-element elementor-element-eab7818 elementor-section-boxed elementor-section-height-default elementor-section-height-default\" data-id=\"eab7818\" data-element_type=\"section\">\n\t\t\t\t\t\t<div class=\"elementor-container elementor-column-gap-default\">\n\t\t\t\t\t<div class=\"elementor-column elementor-col-100 elementor-top-column elementor-element elementor-element-f9c4621\" data-id=\"f9c4621\" data-element_type=\"column\">\n\t\t\t<div class=\"elementor-widget-wrap elementor-element-populated\">\n\t\t\t\t\t\t<div class=\"elementor-element elementor-element-13fef41 elementor-widget elementor-widget-heading\" data-id=\"13fef41\" data-element_type=\"widget\" data-widget_type=\"heading.default\">\n\t\t\t\t<div class=\"elementor-widget-container\">\n\t\t\t\t\t<h2 class=\"elementor-heading-title elementor-size-default\">Musicians<\/h2>\t\t\t\t<\/div>\n\t\t\t\t<\/div>\n\t\t\t\t<div class=\"elementor-element elementor-element-03202c1 elementor-position-top elementor-widget elementor-widget-image-box\" data-id=\"03202c1\" data-element_type=\"widget\" data-widget_type=\"image-box.default\">\n\t\t\t\t<div class=\"elementor-widget-container\">\n\t\t\t\t\t<div class=\"elementor-image-box-wrapper\"><figure class=\"elementor-image-box-img\"><img fetchpriority=\"high\" decoding=\"async\" width=\"2560\" height=\"1707\" src=\"https:\/\/folkadu.com\/wp-content\/uploads\/2022\/10\/Yael-Gat-Shofar_lighter-2-min-scaled.jpg\" class=\"attachment-full size-full wp-image-2031\" alt=\"Yael Gat with Shofar\" srcset=\"https:\/\/folkadu.com\/wp-content\/uploads\/2022\/10\/Yael-Gat-Shofar_lighter-2-min-scaled.jpg 2560w, https:\/\/folkadu.com\/wp-content\/uploads\/2022\/10\/Yael-Gat-Shofar_lighter-2-min-300x200.jpg 300w, https:\/\/folkadu.com\/wp-content\/uploads\/2022\/10\/Yael-Gat-Shofar_lighter-2-min-1024x683.jpg 1024w, https:\/\/folkadu.com\/wp-content\/uploads\/2022\/10\/Yael-Gat-Shofar_lighter-2-min-150x100.jpg 150w, https:\/\/folkadu.com\/wp-content\/uploads\/2022\/10\/Yael-Gat-Shofar_lighter-2-min-768x512.jpg 768w\" sizes=\"(max-width: 2560px) 100vw, 2560px\" \/><\/figure><div class=\"elementor-image-box-content\"><h3 class=\"elementor-image-box-title\">YAEL GAT - Vocals, Trumpet, Shofar<\/h3><p class=\"elementor-image-box-description\">Yael was born in Haifa (Israel) and began her musical training on the trumpet there at the age of 11.\n\nShe completed her Bachelor of Music degree at the Buchmann-Mehta School of Music in Tel Aviv, where she played trumpet as a soloist in the college orchestra and won 1st prize in the college chamber music competition. During this period, Yael played in the Buchmann Mehta School of Music Symphony Orchestra and toured with it, under the direction of Maestro Zubin Mehta, through Brazil (Salle Sao Paolo), the USA (Carnegie Hall NY) and Switzerland (Tonhalle Zurich). In Israel, she has performed with leading orchestras such as the Israeli Philharmonic Orchestra, the Haifa Symphony Orchestra and the Israeli Opera Orchestra. A special honor for her was her participation in the opera \"Aida\", a co-production with La Scala Milano Orchestra and the Israeli Opera Orchestra, conducted by Daniel Barenboim, in Tel Aviv in 2009.\nIn 2013, she moved to Germany, where she completed her Master of Music degree at the University for Music and Performing Arts in Munich.\nAfter she had already lived in Germany for more than three years, far away from her family, her homesickness for her homeland became more and more intense. She increasingly missed her culture and the music that always accompanied her in her childhood. She longed for the moments she remembered at family gatherings as a child, such as when her grandparents spoke Yiddish to each other, when her aunt spoke to her sister on the phone in Ladino, when her father listened to a radio station every weekend that played the old Hebrew folk songs. This unique Jewish melting pot that was part of her childhood was missing from her life in Germany. She felt the need to express her personal imprint through her music.\nAt the end of 2016, right after finishing her master's degree in Munich, she decided to take a different musical path and founded the music ensemble Folkadu, where she performed as a singer in addition to playing the trumpet. With Folkadu she performs a wide repertoire of Jewish folk songs in Hebrew, Yiddish and Ladino throughout Germany, giving audiences the opportunity to hear a mix of Jewish music from around the world.\nToday Yael Gat lives in Berlin. As a freelance musician she collaborates with numerous artists and serves a repertoire ranging from classical to modern electronic music.\n\n<\/p><\/div><\/div>\t\t\t\t<\/div>\n\t\t\t\t<\/div>\n\t\t\t\t<div class=\"elementor-element elementor-element-4401b0c elementor-widget elementor-widget-spacer\" data-id=\"4401b0c\" data-element_type=\"widget\" data-widget_type=\"spacer.default\">\n\t\t\t\t<div class=\"elementor-widget-container\">\n\t\t\t\t\t\t\t<div class=\"elementor-spacer\">\n\t\t\t<div class=\"elementor-spacer-inner\"><\/div>\n\t\t<\/div>\n\t\t\t\t\t\t<\/div>\n\t\t\t\t<\/div>\n\t\t\t\t\t<\/div>\n\t\t<\/div>\n\t\t\t\t\t<\/div>\n\t\t<\/section>\n\t\t\t\t<section class=\"elementor-section elementor-top-section elementor-element elementor-element-f48c68c elementor-section-boxed elementor-section-height-default elementor-section-height-default\" data-id=\"f48c68c\" data-element_type=\"section\">\n\t\t\t\t\t\t<div class=\"elementor-container elementor-column-gap-default\">\n\t\t\t\t\t<div class=\"elementor-column elementor-col-50 elementor-top-column elementor-element elementor-element-460a7f7\" data-id=\"460a7f7\" data-element_type=\"column\">\n\t\t\t<div class=\"elementor-widget-wrap elementor-element-populated\">\n\t\t\t\t\t\t<div class=\"elementor-element elementor-element-412949e elementor-position-top elementor-widget elementor-widget-image-box\" data-id=\"412949e\" data-element_type=\"widget\" data-widget_type=\"image-box.default\">\n\t\t\t\t<div class=\"elementor-widget-container\">\n\t\t\t\t\t<div class=\"elementor-image-box-wrapper\"><figure class=\"elementor-image-box-img\"><img decoding=\"async\" width=\"2560\" height=\"1704\" src=\"https:\/\/folkadu.com\/wp-content\/uploads\/2022\/10\/FRO_5397-min-scaled.jpg\" class=\"attachment-full size-full wp-image-2033\" alt=\"Doron Furman\" srcset=\"https:\/\/folkadu.com\/wp-content\/uploads\/2022\/10\/FRO_5397-min-scaled.jpg 2560w, https:\/\/folkadu.com\/wp-content\/uploads\/2022\/10\/FRO_5397-min-300x200.jpg 300w, https:\/\/folkadu.com\/wp-content\/uploads\/2022\/10\/FRO_5397-min-1024x681.jpg 1024w, https:\/\/folkadu.com\/wp-content\/uploads\/2022\/10\/FRO_5397-min-150x100.jpg 150w, https:\/\/folkadu.com\/wp-content\/uploads\/2022\/10\/FRO_5397-min-768x511.jpg 768w, https:\/\/folkadu.com\/wp-content\/uploads\/2022\/10\/FRO_5397-min-1536x1022.jpg 1536w, https:\/\/folkadu.com\/wp-content\/uploads\/2022\/10\/FRO_5397-min-2048x1363.jpg 2048w, https:\/\/folkadu.com\/wp-content\/uploads\/2022\/10\/FRO_5397-min-18x12.jpg 18w\" sizes=\"(max-width: 2560px) 100vw, 2560px\" \/><\/figure><div class=\"elementor-image-box-content\"><h3 class=\"elementor-image-box-title\">DORON FURMAN \u2013 Oud<\/h3><p class=\"elementor-image-box-description\">Doron was born in Tel Aviv and grew up in a family with a European and Oriental background. He is a self-taught multi-instrumentalist. In 2013, he moved to Berlin to discover new musical paths. In Berlin, Doron regularly plays with masters of traditional musical styles from Iran, Turkey and India.\u00a0With Folkadu he plays the oud (a traditional oriental lute) and presents the magical sounds of the Middle East, played with the Maqamat system with combination of\u00a0musical characters from\u00a0Western European harmony system together with music styles of the Renaissance, Sephardi Andalusia and folk music.<\/p><\/div><\/div>\t\t\t\t<\/div>\n\t\t\t\t<\/div>\n\t\t\t\t\t<\/div>\n\t\t<\/div>\n\t\t\t\t<div class=\"elementor-column elementor-col-50 elementor-top-column elementor-element elementor-element-92e71f2\" data-id=\"92e71f2\" data-element_type=\"column\">\n\t\t\t<div class=\"elementor-widget-wrap elementor-element-populated\">\n\t\t\t\t\t\t<div class=\"elementor-element elementor-element-d326b20 elementor-position-top elementor-widget elementor-widget-image-box\" data-id=\"d326b20\" data-element_type=\"widget\" data-widget_type=\"image-box.default\">\n\t\t\t\t<div class=\"elementor-widget-container\">\n\t\t\t\t\t<div class=\"elementor-image-box-wrapper\"><figure class=\"elementor-image-box-img\"><img decoding=\"async\" width=\"2560\" height=\"1704\" src=\"https:\/\/folkadu.com\/wp-content\/uploads\/2022\/10\/FRO_5304-min-scaled.jpg\" class=\"attachment-full size-full wp-image-2032\" alt=\"Ira Shiran with accordeon\" srcset=\"https:\/\/folkadu.com\/wp-content\/uploads\/2022\/10\/FRO_5304-min-scaled.jpg 2560w, https:\/\/folkadu.com\/wp-content\/uploads\/2022\/10\/FRO_5304-min-300x200.jpg 300w, https:\/\/folkadu.com\/wp-content\/uploads\/2022\/10\/FRO_5304-min-1024x681.jpg 1024w, https:\/\/folkadu.com\/wp-content\/uploads\/2022\/10\/FRO_5304-min-150x100.jpg 150w, https:\/\/folkadu.com\/wp-content\/uploads\/2022\/10\/FRO_5304-min-768x511.jpg 768w, https:\/\/folkadu.com\/wp-content\/uploads\/2022\/10\/FRO_5304-min-1536x1022.jpg 1536w, https:\/\/folkadu.com\/wp-content\/uploads\/2022\/10\/FRO_5304-min-2048x1363.jpg 2048w, https:\/\/folkadu.com\/wp-content\/uploads\/2022\/10\/FRO_5304-min-18x12.jpg 18w\" sizes=\"(max-width: 2560px) 100vw, 2560px\" \/><\/figure><div class=\"elementor-image-box-content\"><h3 class=\"elementor-image-box-title\">IRA SHIRAN \u2013 Accordion<\/h3><p class=\"elementor-image-box-description\">Ira has been playing the accordion since the age of eight. Born and raised in the south of Israel, he moved to Jerusalem at the age of 16 to attend high school at IASA - the Israeli Academy of Arts and Sciences - where he completed a comprehensive music degree with honors in 2002.\nIn 2008 he began his studies in the Rubin Academy of Dance and Music in Jerusalem, graduating in 2012. In the next years he played in different ensembles and orchestras in Israel\u00a0as a soloist and as an orchestra member with several symphony orchestras and was engaged for numerous theater productions at the HaBima National Theater and at the Yiddishspil, Israel's Yiddish national theater.\nIn October 2016, Ira moved to Berlin to expand his musical horizons.\u00a0In his accordion playing he focuses on the music of the Balkans and he even visited the Balkan countries several times in order to take lessons with some of the best players in that genre.<\/p><\/div><\/div>\t\t\t\t<\/div>\n\t\t\t\t<\/div>\n\t\t\t\t\t<\/div>\n\t\t<\/div>\n\t\t\t\t\t<\/div>\n\t\t<\/section>\n\t\t\t\t<\/div>","protected":false},"excerpt":{"rendered":"<p>\u00dcBER UNS Folkadu ist eine in Berlin lebende Band, die von der S\u00e4ngerin und Trompeterin Yael Gat gegr\u00fcndet wurde. Beeinflusst von klassischer, Swing-, Balkan-, Klezmer- und nah\u00f6stlicher Musik, bietet die &hellip;<\/p>\n<p class=\"read-more\"> <a class=\"\" href=\"https:\/\/folkadu.com\/en\/about\/\"> <span class=\"screen-reader-text\">About us<\/span> Read More &raquo;<\/a><\/p>","protected":false},"author":1,"featured_media":0,"parent":0,"menu_order":1,"comment_status":"closed","ping_status":"closed","template":"","meta":{"site-sidebar-layout":"default","site-content-layout":"","ast-site-content-layout":"","site-content-style":"default","site-sidebar-style":"default","ast-global-header-display":"","ast-banner-title-visibility":"","ast-main-header-display":"","ast-hfb-above-header-display":"","ast-hfb-below-header-display":"","ast-hfb-mobile-header-display":"","site-post-title":"disabled","ast-breadcrumbs-content":"","ast-featured-img":"","footer-sml-layout":"","theme-transparent-header-meta":"","adv-header-id-meta":"","stick-header-meta":"","header-above-stick-meta":"","header-main-stick-meta":"","header-below-stick-meta":"","astra-migrate-meta-layouts":"default","ast-page-background-enabled":"default","ast-page-background-meta":{"desktop":{"background-color":"var(--ast-global-color-4)","background-image":"","background-repeat":"repeat","background-position":"center center","background-size":"auto","background-attachment":"scroll","background-type":"","background-media":"","overlay-type":"","overlay-color":"","overlay-gradient":""},"tablet":{"background-color":"","background-image":"","background-repeat":"repeat","background-position":"center center","background-size":"auto","background-attachment":"scroll","background-type":"","background-media":"","overlay-type":"","overlay-color":"","overlay-gradient":""},"mobile":{"background-color":"","background-image":"","background-repeat":"repeat","background-position":"center center","background-size":"auto","background-attachment":"scroll","background-type":"","background-media":"","overlay-type":"","overlay-color":"","overlay-gradient":""}},"ast-content-background-meta":{"desktop":{"background-color":"var(--ast-global-color-5)","background-image":"","background-repeat":"repeat","background-position":"center center","background-size":"auto","background-attachment":"scroll","background-type":"","background-media":"","overlay-type":"","overlay-color":"","overlay-gradient":""},"tablet":{"background-color":"var(--ast-global-color-5)","background-image":"","background-repeat":"repeat","background-position":"center center","background-size":"auto","background-attachment":"scroll","background-type":"","background-media":"","overlay-type":"","overlay-color":"","overlay-gradient":""},"mobile":{"background-color":"var(--ast-global-color-5)","background-image":"","background-repeat":"repeat","background-position":"center center","background-size":"auto","background-attachment":"scroll","background-type":"","background-media":"","overlay-type":"","overlay-color":"","overlay-gradient":""}},"footnotes":""},"yoast_head":"<!-- This site is optimized with the Yoast SEO plugin v21.7 - https:\/\/yoast.com\/wordpress\/plugins\/seo\/ -->\n<title>\u00dcber uns - FOLKADU<\/title>\n<meta name=\"robots\" content=\"index, follow, max-snippet:-1, max-image-preview:large, max-video-preview:-1\" \/>\n<link rel=\"canonical\" href=\"https:\/\/folkadu.com\/en\/about\/\" \/>\n<meta property=\"og:locale\" content=\"en_US\" \/>\n<meta property=\"og:type\" content=\"article\" \/>\n<meta property=\"og:title\" content=\"\u00dcber uns - FOLKADU\" \/>\n<meta property=\"og:description\" content=\"\u00dcBER UNS Folkadu ist eine in Berlin lebende Band, die von der S\u00e4ngerin und Trompeterin Yael Gat gegr\u00fcndet wurde. Beeinflusst von klassischer, Swing-, Balkan-, Klezmer- und nah\u00f6stlicher Musik, bietet die &hellip; \u00dcber uns Read More &raquo;\" \/>\n<meta property=\"og:url\" content=\"https:\/\/folkadu.com\/en\/about\/\" \/>\n<meta property=\"og:site_name\" content=\"FOLKADU\" \/>\n<meta property=\"article:modified_time\" content=\"2025-07-09T09:04:09+00:00\" \/>\n<meta property=\"og:image\" content=\"https:\/\/folkadu.com\/wp-content\/uploads\/2022\/10\/Yael-Gat-Shofar_lighter-2-min-scaled.jpg\" \/>\n<meta name=\"twitter:card\" content=\"summary_large_image\" \/>\n<meta name=\"twitter:label1\" content=\"Est. reading time\" \/>\n\t<meta name=\"twitter:data1\" content=\"5 minutes\" \/>\n<script type=\"application\/ld+json\" class=\"yoast-schema-graph\">{\"@context\":\"https:\/\/schema.org\",\"@graph\":[{\"@type\":\"WebPage\",\"@id\":\"https:\/\/folkadu.com\/about\/\",\"url\":\"https:\/\/folkadu.com\/about\/\",\"name\":\"\u00dcber uns - FOLKADU\",\"isPartOf\":{\"@id\":\"https:\/\/folkadu.com\/#website\"},\"datePublished\":\"2020-09-17T22:39:28+00:00\",\"dateModified\":\"2025-07-09T09:04:09+00:00\",\"breadcrumb\":{\"@id\":\"https:\/\/folkadu.com\/about\/#breadcrumb\"},\"inLanguage\":\"en-US\",\"potentialAction\":[{\"@type\":\"ReadAction\",\"target\":[\"https:\/\/folkadu.com\/about\/\"]}]},{\"@type\":\"BreadcrumbList\",\"@id\":\"https:\/\/folkadu.com\/about\/#breadcrumb\",\"itemListElement\":[{\"@type\":\"ListItem\",\"position\":1,\"name\":\"Home\",\"item\":\"https:\/\/folkadu.com\/\"},{\"@type\":\"ListItem\",\"position\":2,\"name\":\"\u00dcber uns\"}]},{\"@type\":\"WebSite\",\"@id\":\"https:\/\/folkadu.com\/#website\",\"url\":\"https:\/\/folkadu.com\/\",\"name\":\"FOLKADU\",\"description\":\"a Musical Journey through Jewish Culture\",\"potentialAction\":[{\"@type\":\"SearchAction\",\"target\":{\"@type\":\"EntryPoint\",\"urlTemplate\":\"https:\/\/folkadu.com\/?s={search_term_string}\"},\"query-input\":\"required name=search_term_string\"}],\"inLanguage\":\"en-US\"}]}<\/script>\n<!-- \/ Yoast SEO plugin. -->","yoast_head_json":{"title":"\u00dcber uns - FOLKADU","robots":{"index":"index","follow":"follow","max-snippet":"max-snippet:-1","max-image-preview":"max-image-preview:large","max-video-preview":"max-video-preview:-1"},"canonical":"https:\/\/folkadu.com\/en\/about\/","og_locale":"en_US","og_type":"article","og_title":"\u00dcber uns - FOLKADU","og_description":"\u00dcBER UNS Folkadu ist eine in Berlin lebende Band, die von der S\u00e4ngerin und Trompeterin Yael Gat gegr\u00fcndet wurde. Beeinflusst von klassischer, Swing-, Balkan-, Klezmer- und nah\u00f6stlicher Musik, bietet die &hellip; \u00dcber uns Read More &raquo;","og_url":"https:\/\/folkadu.com\/en\/about\/","og_site_name":"FOLKADU","article_modified_time":"2025-07-09T09:04:09+00:00","og_image":[{"url":"https:\/\/folkadu.com\/wp-content\/uploads\/2022\/10\/Yael-Gat-Shofar_lighter-2-min-scaled.jpg"}],"twitter_card":"summary_large_image","twitter_misc":{"Est. reading time":"5 minutes"},"schema":{"@context":"https:\/\/schema.org","@graph":[{"@type":"WebPage","@id":"https:\/\/folkadu.com\/about\/","url":"https:\/\/folkadu.com\/about\/","name":"\u00dcber uns - FOLKADU","isPartOf":{"@id":"https:\/\/folkadu.com\/#website"},"datePublished":"2020-09-17T22:39:28+00:00","dateModified":"2025-07-09T09:04:09+00:00","breadcrumb":{"@id":"https:\/\/folkadu.com\/about\/#breadcrumb"},"inLanguage":"en-US","potentialAction":[{"@type":"ReadAction","target":["https:\/\/folkadu.com\/about\/"]}]},{"@type":"BreadcrumbList","@id":"https:\/\/folkadu.com\/about\/#breadcrumb","itemListElement":[{"@type":"ListItem","position":1,"name":"Home","item":"https:\/\/folkadu.com\/"},{"@type":"ListItem","position":2,"name":"\u00dcber uns"}]},{"@type":"WebSite","@id":"https:\/\/folkadu.com\/#website","url":"https:\/\/folkadu.com\/","name":"FOLKADU","description":"a Musical Journey through Jewish Culture","potentialAction":[{"@type":"SearchAction","target":{"@type":"EntryPoint","urlTemplate":"https:\/\/folkadu.com\/?s={search_term_string}"},"query-input":"required name=search_term_string"}],"inLanguage":"en-US"}]}},"_links":{"self":[{"href":"https:\/\/folkadu.com\/en\/wp-json\/wp\/v2\/pages\/741"}],"collection":[{"href":"https:\/\/folkadu.com\/en\/wp-json\/wp\/v2\/pages"}],"about":[{"href":"https:\/\/folkadu.com\/en\/wp-json\/wp\/v2\/types\/page"}],"author":[{"embeddable":true,"href":"https:\/\/folkadu.com\/en\/wp-json\/wp\/v2\/users\/1"}],"replies":[{"embeddable":true,"href":"https:\/\/folkadu.com\/en\/wp-json\/wp\/v2\/comments?post=741"}],"version-history":[{"count":54,"href":"https:\/\/folkadu.com\/en\/wp-json\/wp\/v2\/pages\/741\/revisions"}],"predecessor-version":[{"id":4657,"href":"https:\/\/folkadu.com\/en\/wp-json\/wp\/v2\/pages\/741\/revisions\/4657"}],"wp:attachment":[{"href":"https:\/\/folkadu.com\/en\/wp-json\/wp\/v2\/media?parent=741"}],"curies":[{"name":"wp","href":"https:\/\/api.w.org\/{rel}","templated":true}]}}